{"id":475,"date":"2018-05-06T14:17:50","date_gmt":"2018-05-06T14:17:50","guid":{"rendered":"http:\/\/www.yappanippon.com\/?page_id=475"},"modified":"2026-04-12T07:35:40","modified_gmt":"2026-04-12T07:35:40","slug":"contact","status":"publish","type":"page","link":"https:\/\/www.yappanippon.com\/fr\/contact\/","title":{"rendered":"Contact"},"content":{"rendered":"<div class=\"brz-root__container brz-reset-all brz brz-root__container-page\">\n<section id=\"7e006ffb401365fa4e6c_0LBGNzlt3p\" class=\"brz-section brz-css-1gauh57 brz-css-1t4tiac\">\n<div class=\"brz-section__content brz-section--boxed brz-css-hunf2j brz-css-hd9ndb\" data-brz-custom-id=\"jsYCdkXf0N\">\n<div class=\"brz-bg\">\n<div class=\"brz-bg-image\"><\/div>\n<div class=\"brz-bg-color\"><\/div>\n<\/div>\n<div class=\"brz-container brz-css-1bo0baj brz-css-1byi8vl\">\n<div id=\"\" data-brz-iteration-count=\"1\" class=\"brz-css-1c2vrmi brz-css-13kcpac brz-wrapper brz-animated brz-css-vnnd57 brz-css-9tj4hj\" data-animationid=\"4R9F3NYir3\">\n<div class=\"brz-rich-text brz-rich-text__custom brz-css-1d14xwa brz-css-cajefv\" data-brz-custom-id=\"YLlqvFuF4g\">\n<div data-brz-translate-text=\"1\">\n<h1 class=\"brz-text-lg-center brz-tp-heading1 brz-fs-xs-50 brz-css-jxhdj\"><span class=\"brz-cp-color8\">Contact<\/span><\/h1>\n<\/div>\n<\/div>\n<\/div>\n<div id=\"\" data-brz-iteration-count=\"1\" class=\"brz-css-1c2vrmi brz-css-fy4a6z brz-wrapper brz-animated brz-css-1mib1mt brz-css-1byn63c\" data-animationid=\"PRdcaCny81\">\n<div class=\"brz-rich-text brz-rich-text__custom brz-css-1d14xwa brz-css-3gu75y\" data-brz-custom-id=\"nLxs0Pw7e7\">\n<div data-brz-translate-text=\"1\">\n<h1 class=\"brz-tp-abovetitle brz-text-lg-center brz-fs-xs-18 brz-css-oBXzS\"><span class=\"brz-cp-color8\">PARLEZ-NOUS DE VOTRE PROJET<\/span><\/h1>\n<\/div>\n<\/div>\n<\/div>\n<div id=\"\" class=\"brz-css-1c2vrmi brz-css-evx46k brz-css-e9097w brz-wrapper\">\n<div class=\"brz-spacer brz-css-f3safv brz-css-h8kgwp\"><\/div>\n<\/div>\n<\/div>\n<\/div>\n<\/section>\n<section id=\"a2463d8902ffbe6fa633_jCMUelsYaYwC\" class=\"brz-section brz-css-1gauh57 brz-css-1sumhjt\">\n<div class=\"brz-section__content brz-section--boxed brz-css-hunf2j brz-css-cyg5no\" data-brz-custom-id=\"jYavnkNZ9MAS\">\n<div class=\"brz-container brz-css-1bo0baj brz-css-hg9u1m\">\n<div id=\"\" class=\"brz-css-1c2vrmi brz-css-19fwmop brz-wrapper\">\n<div class=\"brz-rich-text brz-rich-text__custom brz-css-1d14xwa brz-css-zu35o1\" data-brz-custom-id=\"xSsu5fs1N0Jl\">\n<div data-brz-translate-text=\"1\">\n<p data-generated-css=\"brz-css-kHkV0\" class=\"brz-text-lg-center brz-tp-lg-empty brz-ff-overpass brz-ft-google brz-fs-lg-32 brz-fss-lg-px brz-fw-lg-700 brz-ls-lg-0 brz-lh-lg-1_3 brz-vfw-lg-400 brz-fwdth-lg-100 brz-fsft-lg-0 brz-css-nVY5l\"><span>Start Your Application<\/span><\/p>\n<\/div>\n<\/div>\n<\/div>\n<div id=\"\" class=\"brz-css-1c2vrmi brz-css-1sr23ow brz-wrapper\">\n<div data-brz-form-version=\"2\" class=\"brz-forms2 brz-css-xrtvcc brz-css-sidcqg\" data-brz-custom-id=\"isWi63QHgKD2\">\n<div data-brz-translate-text=\"1\" class=\"brz-forms2__item brz-css-10xw3jl brz-css-8l8gbk brz-css-1eudxuv brz-css-19ekxnk\"><\/div>\n<div data-brz-translate-text=\"1\" class=\"brz-forms2__item brz-css-10xw3jl brz-css-8l8gbk brz-css-1eudxuv brz-css-1v2cn91\"><\/div>\n<div data-brz-translate-text=\"1\" class=\"brz-forms2__item brz-css-10xw3jl brz-css-8l8gbk brz-css-1eudxuv brz-css-1roqtn8\"><\/div>\n<div data-brz-translate-text=\"1\" class=\"brz-forms2__item brz-css-10xw3jl brz-css-8l8gbk brz-css-1eudxuv brz-css-4tyejr\"><\/div>\n<div data-brz-translate-text=\"1\" class=\"brz-forms2__item brz-css-10xw3jl brz-css-8l8gbk brz-css-1eudxuv brz-css-tcfid2\"><\/div>\n<div data-brz-translate-text=\"1\" class=\"brz-forms2__item brz-css-10xw3jl brz-css-8l8gbk brz-css-1eudxuv brz-css-tlp84b\">\n<div class=\"brz-forms2__field brz-forms2__field-select brz-css-11qrf9w brz-css-18h1jt9\">GenderMaleFemaleOthers<\/div>\n<\/div>\n<div data-brz-translate-text=\"1\" class=\"brz-forms2__item brz-css-10xw3jl brz-css-8l8gbk brz-css-1eudxuv brz-css-1ui1zwp\"><\/div>\n<div data-brz-translate-text=\"1\" class=\"brz-forms2__item brz-css-10xw3jl brz-css-8l8gbk brz-css-1eudxuv brz-css-snluaj\">\n<div class=\"brz-forms2__field brz-forms2__field-select brz-css-11qrf9w brz-css-18h1jt9\">Duration of Studies3 months or lessMore than 3 but less than 6 monthsMore than 6 months<\/div>\n<\/div>\n<div data-brz-translate-text=\"1\" class=\"brz-forms2__item brz-css-10xw3jl brz-css-8l8gbk brz-css-1eudxuv brz-css-do0qi\">\n<div class=\"brz-forms2__field brz-forms2__field-select brz-css-11qrf9w brz-css-18h1jt9\">How did you hear about us?FriendsInternetEmails and MagazinesInfluencerOthers<\/div>\n<\/div>\n<div data-brz-translate-text=\"1\" class=\"brz-forms2__item brz-css-10xw3jl brz-css-8l8gbk brz-css-1eudxuv brz-css-190tfc6\"><textarea id=\"sus8Pwo44OAP_803b2d2b977b9d92d3fe\" name=\"cOb4N4vgJwHT\" data-brz-type=\"Paragraph\" data-brz-label=\"Message\" data-brz-placeholder=\"Message\" class=\"brz-textarea brz-forms2__field brz-forms2__field-paragraph\"><\/textarea><\/div>\n<div class=\"brz-forms2 brz-forms2__item brz-forms2__item-button\" data-brz-custom-id=\"isWi63QHgKD2\"><button class=\"brz-btn brz-btn-submit brz-css-2kn4n8 brz-css-17phd5w\" data-brz-custom-id=\"m0kpFwZG90Ms\"><span data-brz-translate-text=\"1\" class=\"brz-span brz-text__editor\">Envoyer<\/span><\/button><\/div>\n<div class=\"brz-g-recaptcha\" data-sitekey=\"\" data-size=\"invisible\" data-callback=\"brzFormV2Captcha\"><\/div>\n<\/div>\n<\/div>\n<\/div>\n<\/div>\n<\/section>\n<section id=\"47e1e3a4d4c4b0ed94db_08OsurUGBI\" class=\"brz-section brz-css-1gauh57 brz-css-shvhc0\">\n<div class=\"brz-section__content brz-section--boxed brz-css-hunf2j brz-css-c7qlpm\" data-brz-custom-id=\"yALMOnwdAC\">\n<div class=\"brz-container brz-css-1bo0baj brz-css-1impnoj\">\n<div class=\"brz-row__container brz-css-f3he9e brz-css-b4qgmh\" data-brz-custom-id=\"dzDvPy_zWc\">\n<div class=\"brz-row brz-css-1ew112v brz-css-ob25ju brz-css-1s8qlph\">\n<div class=\"brz-columns brz-css-1mkvg90 brz-css-1onwigg\" data-brz-custom-id=\"AP_Nwjxkip\">\n<div class=\"brz-column__items brz-css-1ijp880 brz-css-uc56zu\">\n<div id=\"\" class=\"brz-css-1c2vrmi brz-css-pl2qa brz-wrapper\">\n<div class=\"brz-line brz-line-default brz-css-1dqtn81 brz-css-7fl9o8\" data-brz-custom-id=\"jtTB2Wsnid\">\n<hr class=\"brz-hr\"><\/div>\n<\/div>\n<\/div>\n<\/div>\n<div class=\"brz-columns brz-css-1mkvg90 brz-css-1gvkrac\" data-brz-custom-id=\"Fz20b_pa6A\">\n<div class=\"brz-column__items brz-css-1ijp880 brz-css-b9gkq6\">\n<div id=\"\" class=\"brz-css-1c2vrmi brz-css-zuuyfn brz-wrapper\">\n<div class=\"brz-line brz-line-default brz-css-1dqtn81 brz-css-jgd1xs\" data-brz-custom-id=\"jX32Q6GrGK\">\n<hr class=\"brz-hr\"><\/div>\n<\/div>\n<\/div>\n<\/div>\n<\/div>\n<\/div>\n<div id=\"\" class=\"brz-css-1c2vrmi brz-css-evx46k brz-css-1fs6oc8 brz-wrapper\">\n<div class=\"brz-spacer brz-css-f3safv brz-css-1x3zkeb\"><\/div>\n<\/div>\n<div class=\"brz-row__container brz-css-f3he9e brz-css-g6c45q\" data-brz-custom-id=\"aM7jcu9CDI\">\n<div class=\"brz-row brz-css-1ew112v brz-css-ob25ju brz-css-1201556\">\n<div class=\"brz-columns brz-css-1mkvg90 brz-css-acvhcu\" data-brz-custom-id=\"JUqFdD8qlJ\">\n<div class=\"brz-bg\"><\/div>\n<div class=\"brz-column__items brz-css-1ijp880 brz-css-w3rosv\">\n<div class=\"brz-wrapper-clone brz-flex-xs-wrap brz-css-16ff1np brz-css-jfxpe7\" data-brz-custom-id=\"JKjGXtndS5\">\n<div class=\"brz-icon__container\" data-brz-custom-id=\"UDbn2emgLH\"><span class=\"brz-icon brz-span brz-css-14fjbay brz-css-1frkypf\"><\/span><\/div>\n<\/div>\n<div id=\"\" class=\"brz-css-1c2vrmi brz-css-noq87e brz-wrapper\">\n<div class=\"brz-rich-text brz-rich-text__custom brz-css-1d14xwa brz-css-1xftqrc\" data-brz-custom-id=\"rlx~8UYM7q\">\n<div data-brz-translate-text=\"1\">\n<p class=\"brz-text-lg-center brz-tp-heading4 brz-fs-xs-25 brz-css-etVf1\"><span class=\"brz-cp-color2\">Nous contacter<\/span><\/p>\n<\/div>\n<\/div>\n<\/div>\n<div id=\"\" class=\"brz-css-1c2vrmi brz-css-1183vk8 brz-wrapper\">\n<div class=\"brz-rich-text brz-rich-text__custom brz-css-1d14xwa brz-css-m8avi8\" data-brz-custom-id=\"__3qgeBp6K\">\n<div data-brz-translate-text=\"1\">\n<p class=\"brz-text-lg-center brz-tp-paragraph brz-mb-lg-0 brz-fs-xs-17 brz-css-lZbsR\"><span class=\"brz-cp-color7\">Tel: +81 (0)3 6869 4577<\/span><\/p>\n<p class=\"brz-text-lg-center brz-tp-paragraph brz-fs-xs-17 brz-css-baeBn\"><span class=\"brz-cp-color7\">E-mail: info@yappanippon.com <\/span><\/p>\n<\/div>\n<\/div>\n<\/div>\n<\/div>\n<\/div>\n<div class=\"brz-columns brz-css-1mkvg90 brz-css-iqpaso\" data-brz-custom-id=\"4C~W4K6lY4\">\n<div class=\"brz-bg\"><\/div>\n<div class=\"brz-column__items brz-css-1ijp880 brz-css-19gho9p\">\n<div class=\"brz-wrapper-clone brz-flex-xs-wrap brz-css-16ff1np brz-css-11nb42d\" data-brz-custom-id=\"Y1KKu30KTN\">\n<div class=\"brz-icon__container\" data-brz-custom-id=\"B_ebD3OOjf\"><span class=\"brz-icon brz-span brz-css-14fjbay brz-css-iwg86s\"><\/span><\/div>\n<\/div>\n<div id=\"\" class=\"brz-css-1c2vrmi brz-css-1skdfg0 brz-wrapper\">\n<div class=\"brz-rich-text brz-rich-text__custom brz-css-1d14xwa brz-css-1kpma32\" data-brz-custom-id=\"BaR4ct7a7G\">\n<div data-brz-translate-text=\"1\">\n<p class=\"brz-fs-xs-25 brz-text-lg-center brz-tp-heading4 brz-css-isJaI\"><span class=\"brz-cp-color2\">Adresse<\/span><\/p>\n<\/div>\n<\/div>\n<\/div>\n<div id=\"\" class=\"brz-css-1c2vrmi brz-css-1cr44ye brz-wrapper\">\n<div class=\"brz-rich-text brz-rich-text__custom brz-css-1d14xwa brz-css-lycg62\" data-brz-custom-id=\"QFoSey0hks\">\n<div data-brz-translate-text=\"1\">\n<p class=\"brz-text-lg-center brz-tp-paragraph brz-fs-xs-17 brz-css-oXrH9\"><span class=\"brz-cp-color7\">JMW LLC<\/span><\/p>\n<p class=\"brz-text-lg-center brz-tp-paragraph brz-fs-xs-17 brz-css-jfQyE\"><span class=\"brz-cp-color7\">Resona Kudan Building 5F KS Floor<\/span><\/p>\n<p class=\"brz-text-lg-center brz-tp-paragraph brz-fs-xs-17 brz-css-bj1_2\"><span class=\"brz-cp-color7\">1-5-6 Kudan-minami, Chiyoda-ku<\/span><\/p>\n<p class=\"brz-text-lg-center brz-tp-paragraph brz-fs-xs-17 brz-css-n3li8\"><span class=\"brz-cp-color7\">102-0074 Tokyo, Japan<\/span><\/p>\n<\/div>\n<\/div>\n<\/div>\n<\/div>\n<\/div>\n<div class=\"brz-columns brz-css-1mkvg90 brz-css-1x3dxsf\" data-brz-custom-id=\"NDx7FiP9lG\">\n<div class=\"brz-column__items brz-css-1ijp880 brz-css-2gnqgn\">\n<div class=\"brz-wrapper-clone brz-flex-xs-wrap brz-css-16ff1np brz-css-xkfq18\" data-brz-custom-id=\"SbWdPtroBq\">\n<div class=\"brz-icon__container\" data-brz-custom-id=\"RzjZnncnnM\"><span class=\"brz-icon brz-span brz-css-14fjbay brz-css-1wg545n\"><\/span><\/div>\n<\/div>\n<div id=\"\" class=\"brz-css-1c2vrmi brz-css-19fdv58 brz-wrapper\">\n<div class=\"brz-rich-text brz-rich-text__custom brz-css-1d14xwa brz-css-1kncg8s\" data-brz-custom-id=\"udX1jxZJUY\">\n<div data-brz-translate-text=\"1\">\n<p class=\"brz-fs-xs-25 brz-text-lg-center brz-tp-heading4 brz-css-d5xgw\"><span class=\"brz-cp-color2\">Horaires<\/span><\/p>\n<\/div>\n<\/div>\n<\/div>\n<div id=\"\" class=\"brz-css-1c2vrmi brz-css-ywub5x brz-wrapper\">\n<div class=\"brz-rich-text brz-rich-text__custom brz-css-1d14xwa brz-css-15tafol\" data-brz-custom-id=\"OfV6fbW2e_\">\n<div data-brz-translate-text=\"1\">\n<p class=\"brz-fs-xs-17 brz-tp-paragraph brz-text-lg-center brz-css-unM66\"><span class=\"brz-cp-color7\">Monday &#8211; Friday: 9:00 &#8211; 18:00<\/span><\/p>\n<p class=\"brz-fs-xs-17 brz-tp-paragraph brz-text-lg-center brz-css-am_0Q\"><span style=\"background-color: initial\">Ferm\u00e9 les dimanches et jours f\u00e9ri\u00e9s\n\nSur place au Japon, vous pourrez contacter \u00e0 tout moment votre conseiller en cas d'urgence<\/span><\/p>\n<\/div>\n<\/div>\n<\/div>\n<\/div>\n<\/div>\n<\/div>\n<\/div>\n<div id=\"\" class=\"brz-css-1c2vrmi brz-css-evx46k brz-css-1gss5wb brz-wrapper\">\n<div class=\"brz-spacer brz-css-f3safv brz-css-1y1ffmb\"><\/div>\n<\/div>\n<div class=\"brz-row__container brz-css-f3he9e brz-css-174yn0k\" data-brz-custom-id=\"j1AQc8yZLK\">\n<div class=\"brz-row brz-css-1ew112v brz-css-ob25ju brz-css-1kljttv\">\n<div class=\"brz-columns brz-css-1mkvg90 brz-css-44clto\" data-brz-custom-id=\"FODU4k_2xE\">\n<div class=\"brz-column__items brz-css-1ijp880 brz-css-8quaf9\">\n<div id=\"\" class=\"brz-css-1c2vrmi brz-css-4rszpw brz-wrapper\">\n<div class=\"brz-line brz-line-default brz-css-1dqtn81 brz-css-rtzv57\" data-brz-custom-id=\"9vq5R6Gbpv\">\n<hr class=\"brz-hr\"><\/div>\n<\/div>\n<\/div>\n<\/div>\n<div class=\"brz-columns brz-css-1mkvg90 brz-css-1rxd3og\" data-brz-custom-id=\"I12EE4~C12\">\n<div class=\"brz-column__items brz-css-1ijp880 brz-css-pgtlff\">\n<div id=\"\" class=\"brz-css-1c2vrmi brz-css-17lzwxg brz-wrapper\">\n<div class=\"brz-line brz-line-default brz-css-1dqtn81 brz-css-1krqdc0\" data-brz-custom-id=\"R8KlQaU8gp\">\n<hr class=\"brz-hr\"><\/div>\n<\/div>\n<\/div>\n<\/div>\n<\/div>\n<\/div>\n<\/div>\n<\/div>\n<\/section>\n<section id=\"3750a20288f4b6c1bc6b_7Le6EBL0qT\" class=\"brz-section brz-css-1gauh57 brz-css-zyg64y\">\n<div class=\"brz-section__content brz-section--fullWidth brz-css-hunf2j brz-css-17usiia\" data-brz-custom-id=\"YshesQm7a4\">\n<div class=\"brz-bg\">\n<div class=\"brz-bg-color\"><\/div>\n<\/div>\n<div class=\"brz-container brz-css-1bo0baj brz-css-kfub1s\">\n<div id=\"\" class=\"brz-css-1c2vrmi brz-css-anfcuo brz-wrapper\">\n<div class=\"brz-map brz-map_styles brz-css-hit6s3 brz-css-fcbre4\" data-brz-custom-id=\"5ChLq4OtC4\">\n<div class=\"brz-ui-ed-map-content\"><\/div>\n<\/div>\n<\/div>\n<\/div>\n<\/div>\n<\/section>\n<\/div>\n<p>    <!-- version:1752130874 --><\/p>","protected":false},"excerpt":{"rendered":"<p>Contact Us LET US KNOW HOW WE CAN HELP Start Your Application GenderMaleFemaleOthers Duration of Studies3 months or lessMore than 3 but less than 6 monthsMore than 6 months How did you hear about us?FriendsInternetEmails and MagazinesInfluencerOthers SUBMIT Contact Information Tel: +81 (0)3 6869 4577 E-mail: info@yappanippon.com Address JMW LLC Resona Kudan Building 5F KS [&hellip;]<\/p>\n","protected":false},"author":1,"featured_media":0,"parent":0,"menu_order":0,"comment_status":"closed","ping_status":"closed","template":"","meta":{"footnotes":""},"class_list":["post-475","page","type-page","status-publish","hentry"],"yoast_head":"<!-- This site is optimized with the Yoast SEO plugin v27.5 - https:\/\/yoast.com\/product\/yoast-seo-wordpress\/ -->\n<title>Contact - Yappa Nippon<\/title>\n<meta name=\"robots\" content=\"index, follow, max-snippet:-1, max-image-preview:large, max-video-preview:-1\" \/>\n<link rel=\"canonical\" href=\"https:\/\/www.yappanippon.com\/fr\/contact\/\" \/>\n<meta property=\"og:locale\" content=\"fr_FR\" \/>\n<meta property=\"og:type\" content=\"article\" \/>\n<meta property=\"og:title\" content=\"Contact - Yappa Nippon\" \/>\n<meta property=\"og:description\" content=\"Contact Us LET US KNOW HOW WE CAN HELP Start Your Application GenderMaleFemaleOthers Duration of Studies3 months or lessMore than 3 but less than 6 monthsMore than 6 months How did you hear about us?FriendsInternetEmails and MagazinesInfluencerOthers SUBMIT Contact Information Tel: +81 (0)3 6869 4577 E-mail: info@yappanippon.com Address JMW LLC Resona Kudan Building 5F KS [&hellip;]\" \/>\n<meta property=\"og:url\" content=\"https:\/\/www.yappanippon.com\/fr\/contact\/\" \/>\n<meta property=\"og:site_name\" content=\"Yappa Nippon\" \/>\n<meta property=\"article:modified_time\" content=\"2026-04-12T07:35:40+00:00\" \/>\n<meta name=\"twitter:card\" content=\"summary_large_image\" \/>\n<script type=\"application\/ld+json\" class=\"yoast-schema-graph\">{\"@context\":\"https:\\\/\\\/schema.org\",\"@graph\":[{\"@type\":\"WebPage\",\"@id\":\"https:\\\/\\\/www.yappanippon.com\\\/contact\\\/\",\"url\":\"https:\\\/\\\/www.yappanippon.com\\\/contact\\\/\",\"name\":\"Contact - Yappa Nippon\",\"isPartOf\":{\"@id\":\"https:\\\/\\\/www.yappanippon.com\\\/#website\"},\"datePublished\":\"2018-05-06T14:17:50+00:00\",\"dateModified\":\"2026-04-12T07:35:40+00:00\",\"breadcrumb\":{\"@id\":\"https:\\\/\\\/www.yappanippon.com\\\/contact\\\/#breadcrumb\"},\"inLanguage\":\"fr-FR\",\"potentialAction\":[{\"@type\":\"ReadAction\",\"target\":[\"https:\\\/\\\/www.yappanippon.com\\\/contact\\\/\"]}]},{\"@type\":\"BreadcrumbList\",\"@id\":\"https:\\\/\\\/www.yappanippon.com\\\/contact\\\/#breadcrumb\",\"itemListElement\":[{\"@type\":\"ListItem\",\"position\":1,\"name\":\"Home\",\"item\":\"https:\\\/\\\/www.yappanippon.com\\\/\"},{\"@type\":\"ListItem\",\"position\":2,\"name\":\"Contact\"}]},{\"@type\":\"WebSite\",\"@id\":\"https:\\\/\\\/www.yappanippon.com\\\/#website\",\"url\":\"https:\\\/\\\/www.yappanippon.com\\\/\",\"name\":\"Yappa Nippon - Nothing better than Japan\",\"description\":\"Studying in Japan made Easier\",\"publisher\":{\"@id\":\"https:\\\/\\\/www.yappanippon.com\\\/#organization\"},\"potentialAction\":[{\"@type\":\"SearchAction\",\"target\":{\"@type\":\"EntryPoint\",\"urlTemplate\":\"https:\\\/\\\/www.yappanippon.com\\\/?s={search_term_string}\"},\"query-input\":{\"@type\":\"PropertyValueSpecification\",\"valueRequired\":true,\"valueName\":\"search_term_string\"}}],\"inLanguage\":\"fr-FR\"},{\"@type\":\"Organization\",\"@id\":\"https:\\\/\\\/www.yappanippon.com\\\/#organization\",\"name\":\"Yapp Nippon\",\"url\":\"https:\\\/\\\/www.yappanippon.com\\\/\",\"logo\":{\"@type\":\"ImageObject\",\"inLanguage\":\"fr-FR\",\"@id\":\"https:\\\/\\\/www.yappanippon.com\\\/#\\\/schema\\\/logo\\\/image\\\/\",\"url\":\"https:\\\/\\\/www.yappanippon.com\\\/wp-content\\\/uploads\\\/2019\\\/06\\\/Logo_YappaNippon_2Line-e1560997549435.png\",\"contentUrl\":\"https:\\\/\\\/www.yappanippon.com\\\/wp-content\\\/uploads\\\/2019\\\/06\\\/Logo_YappaNippon_2Line-e1560997549435.png\",\"width\":300,\"height\":113,\"caption\":\"Yapp Nippon\"},\"image\":{\"@id\":\"https:\\\/\\\/www.yappanippon.com\\\/#\\\/schema\\\/logo\\\/image\\\/\"},\"sameAs\":[\"https:\\\/\\\/www.instagram.com\\\/yappanippon\\\/\"]}]}<\/script>\n<!-- \/ Yoast SEO plugin. -->","yoast_head_json":{"title":"Contact - Yappa Nippon","robots":{"index":"index","follow":"follow","max-snippet":"max-snippet:-1","max-image-preview":"max-image-preview:large","max-video-preview":"max-video-preview:-1"},"canonical":"https:\/\/www.yappanippon.com\/fr\/contact\/","og_locale":"fr_FR","og_type":"article","og_title":"Contact - Yappa Nippon","og_description":"Contact Us LET US KNOW HOW WE CAN HELP Start Your Application GenderMaleFemaleOthers Duration of Studies3 months or lessMore than 3 but less than 6 monthsMore than 6 months How did you hear about us?FriendsInternetEmails and MagazinesInfluencerOthers SUBMIT Contact Information Tel: +81 (0)3 6869 4577 E-mail: info@yappanippon.com Address JMW LLC Resona Kudan Building 5F KS [&hellip;]","og_url":"https:\/\/www.yappanippon.com\/fr\/contact\/","og_site_name":"Yappa Nippon","article_modified_time":"2026-04-12T07:35:40+00:00","twitter_card":"summary_large_image","schema":{"@context":"https:\/\/schema.org","@graph":[{"@type":"WebPage","@id":"https:\/\/www.yappanippon.com\/contact\/","url":"https:\/\/www.yappanippon.com\/contact\/","name":"Contact - Yappa Nippon","isPartOf":{"@id":"https:\/\/www.yappanippon.com\/#website"},"datePublished":"2018-05-06T14:17:50+00:00","dateModified":"2026-04-12T07:35:40+00:00","breadcrumb":{"@id":"https:\/\/www.yappanippon.com\/contact\/#breadcrumb"},"inLanguage":"fr-FR","potentialAction":[{"@type":"ReadAction","target":["https:\/\/www.yappanippon.com\/contact\/"]}]},{"@type":"BreadcrumbList","@id":"https:\/\/www.yappanippon.com\/contact\/#breadcrumb","itemListElement":[{"@type":"ListItem","position":1,"name":"Home","item":"https:\/\/www.yappanippon.com\/"},{"@type":"ListItem","position":2,"name":"Contact"}]},{"@type":"WebSite","@id":"https:\/\/www.yappanippon.com\/#website","url":"https:\/\/www.yappanippon.com\/","name":"Yappa Nippon - Nothing better than Japan","description":"Studying in Japan made Easier","publisher":{"@id":"https:\/\/www.yappanippon.com\/#organization"},"potentialAction":[{"@type":"SearchAction","target":{"@type":"EntryPoint","urlTemplate":"https:\/\/www.yappanippon.com\/?s={search_term_string}"},"query-input":{"@type":"PropertyValueSpecification","valueRequired":true,"valueName":"search_term_string"}}],"inLanguage":"fr-FR"},{"@type":"Organization","@id":"https:\/\/www.yappanippon.com\/#organization","name":"Yapp Nippon","url":"https:\/\/www.yappanippon.com\/","logo":{"@type":"ImageObject","inLanguage":"fr-FR","@id":"https:\/\/www.yappanippon.com\/#\/schema\/logo\/image\/","url":"https:\/\/www.yappanippon.com\/wp-content\/uploads\/2019\/06\/Logo_YappaNippon_2Line-e1560997549435.png","contentUrl":"https:\/\/www.yappanippon.com\/wp-content\/uploads\/2019\/06\/Logo_YappaNippon_2Line-e1560997549435.png","width":300,"height":113,"caption":"Yapp Nippon"},"image":{"@id":"https:\/\/www.yappanippon.com\/#\/schema\/logo\/image\/"},"sameAs":["https:\/\/www.instagram.com\/yappanippon\/"]}]}},"brizy_media":[{"id":743,"url":"https:\/\/www.yappanippon.com\/wp-content\/uploads\/2019\/04\/vintage-1830391_960_720.jpg","name":"vintage-1830391_960_720.jpg","meta":{"brizy_attachment_uid":"wp-5a883874e685b5e3aa4090a54858c882","brizy_post_uid":["9edb2f169587635a2f0e2749b43b3044"]}},{"id":16154,"url":"https:\/\/www.yappanippon.com\/wp-content\/uploads\/2025\/04\/Lucas-logo-red.jpg","name":"Lucas-logo-red.jpg","meta":{"brizy_attachment_uid":"wp-eb25f5dc125c6464a4fbd8be70a16206.jpg","brizy_post_uid":["9edb2f169587635a2f0e2749b43b3044"]}}],"_links":{"self":[{"href":"https:\/\/www.yappanippon.com\/fr\/wp-json\/wp\/v2\/pages\/475","targetHints":{"allow":["GET"]}}],"collection":[{"href":"https:\/\/www.yappanippon.com\/fr\/wp-json\/wp\/v2\/pages"}],"about":[{"href":"https:\/\/www.yappanippon.com\/fr\/wp-json\/wp\/v2\/types\/page"}],"author":[{"embeddable":true,"href":"https:\/\/www.yappanippon.com\/fr\/wp-json\/wp\/v2\/users\/1"}],"replies":[{"embeddable":true,"href":"https:\/\/www.yappanippon.com\/fr\/wp-json\/wp\/v2\/comments?post=475"}],"version-history":[{"count":30,"href":"https:\/\/www.yappanippon.com\/fr\/wp-json\/wp\/v2\/pages\/475\/revisions"}],"predecessor-version":[{"id":16376,"href":"https:\/\/www.yappanippon.com\/fr\/wp-json\/wp\/v2\/pages\/475\/revisions\/16376"}],"wp:attachment":[{"href":"https:\/\/www.yappanippon.com\/fr\/wp-json\/wp\/v2\/media?parent=475"}],"curies":[{"name":"wp","href":"https:\/\/api.w.org\/{rel}","templated":true}]}}