{"id":4734,"date":"2020-12-21T15:46:16","date_gmt":"2020-12-21T15:46:16","guid":{"rendered":"https:\/\/www.yappanippon.com\/?page_id=4734"},"modified":"2026-04-13T15:34:22","modified_gmt":"2026-04-13T15:34:22","slug":"translatetest","status":"publish","type":"page","link":"https:\/\/www.yappanippon.com\/fr\/translatetest\/","title":{"rendered":"TranslateTest"},"content":{"rendered":"<div class=\"brz-root__container brz-reset-all brz brz-root__container-page\">\n<section id=\"_ntwphrrqfyvkxspexxtyfyzyakvdxstosyti\" class=\"brz-section brz-css-z2q7f3\">\n<div class=\"brz-section__content brz-section--boxed brz-css-1pi3zo9 brz-css-1ft98nr\" data-brz-custom-id=\"kxchtoehsvbvwrwgfmiultrpgnvhejiamulb\">\n<div class=\"brz-container brz-css-f3902c\">\n<div class=\"brz-row__container brz-css-1s5zhg4 brz-css-1aaqmy5\" data-brz-custom-id=\"ulyqeurltiffwfolmublrvjoilruwurkweek\">\n<div class=\"brz-bg\"><\/div>\n<div class=\"brz-row brz-css-re60re brz-css-1koptto\">\n<div class=\"brz-columns brz-css-1urlv9h brz-css-pt1679\" data-brz-custom-id=\"mvptyhwspisspsbaitzysegdzsjlwabtsxzu\">\n<div class=\"brz-bg\"><\/div>\n<div class=\"brz-column__items brz-css-3nnhih brz-css-11reizr\">\n<div id=\"\" class=\"brz-css-1g4nuch brz-wrapper\">\n<div class=\"brz-rich-text brz-rich-text__custom brz-css-1dovi3\" data-brz-custom-id=\"vwntxixethzukbvneqjtshfsixnwdmitnkzs\">\n<div data-brz-translate-text=\"1\">\n<p class=\"brz-tp-abovetitle brz-text-lg-left brz-css-uDeLR\"><span class=\"brz-cp-color7\" style=\"opacity: 0.8\">NOUVELLES ID\u00c9ES DECO<\/span><\/p>\n<\/div>\n<\/div>\n<\/div>\n<div id=\"\" class=\"brz-css-1g4nuch brz-css-1qi0px8 brz-wrapper\">\n<div class=\"brz-rich-text brz-rich-text__custom brz-css-1dovi3\" data-brz-custom-id=\"iqbhuenkwuzfpepgdmxdvtrqdrxinooypxqq\">\n<div data-brz-translate-text=\"1\">\n<h2 class=\"brz-tp-heading2 brz-text-lg-left brz-css-hTgYO\"><span class=\"brz-cp-color2\">D\u00e9corez \u00e0 moindre co\u00fbt avec des affiches d'art et des accessoires savoureux<\/span><\/h2>\n<\/div>\n<\/div>\n<\/div>\n<div id=\"\" class=\"brz-css-1g4nuch brz-wrapper\">\n<div class=\"brz-rich-text brz-rich-text__custom brz-css-1dovi3\" data-brz-custom-id=\"wrvqhxjqrxdtcvifcpkkevghpugkjeqwmgcz\">\n<div data-brz-translate-text=\"1\">\n<p class=\"brz-tp-subtitle brz-text-lg-left brz-css-iaQ0d\"><span class=\"brz-cp-color7\">Diff\u00e9renciez-vous et vous vous d\u00e9marquez dans un march\u00e9 tr\u00e8s encombr\u00e9. Pr\u00e9sentez votre accent unique<\/span><\/p>\n<\/div>\n<\/div>\n<\/div>\n<div id=\"\" class=\"brz-css-1g4nuch brz-css-1iddmbp brz-wrapper\">\n<div class=\"brz-spacer brz-css-bj6yu4 brz-css-t66imu\"><\/div>\n<\/div>\n<div id=\"\" class=\"brz-css-1g4nuch brz-wrapper\">\n<div data-brz-form-version=\"2\" class=\"brz-forms2 brz-css-1egoyoz brz-css-1a3at9w\" data-brz-custom-id=\"vmreeoujovykruscgdnqbryvthqqevanoosw\">\n<div data-brz-translate-text=\"1\" class=\"brz-forms2__item brz-css-96zjed brz-css-1uc2wo5 brz-css-19jc5el brz-css-13s9zo5\"><\/div>\n<div class=\"brz-forms2 brz-forms2__item brz-forms2__item-button\" data-brz-custom-id=\"vmreeoujovykruscgdnqbryvthqqevanoosw\"><button class=\"brz-btn brz-btn-submit brz-css-1ehshzg brz-css-awg0h7\" data-brz-custom-id=\"paprwzcvistaaglmjlcxypnwpthrwnnjfbxw\"><span data-brz-translate-text=\"1\" class=\"brz-span brz-text__editor\">Sign Up<\/span><\/button><\/div>\n<div class=\"brz-g-recaptcha\" data-sitekey=\"\" data-size=\"invisible\" data-callback=\"brzFormV2Captcha\"><\/div>\n<\/div>\n<\/div>\n<\/div>\n<\/div>\n<div class=\"brz-columns brz-css-1urlv9h brz-css-wfrv3h\" data-brz-custom-id=\"nscszndaupaomgkthpweswiokfzvwslicchf\">\n<div class=\"brz-bg\"><\/div>\n<div class=\"brz-column__items brz-css-3nnhih brz-css-10bpy19\">\n<div id=\"\" class=\"brz-css-1g4nuch brz-css-14ehdrh brz-wrapper\">\n<div class=\"brz-image brz-css-qmpexm brz-css-1q39q5a\" data-brz-custom-id=\"zlahxluqstrkdmnagpnnlprjzqzzavzwzbat\"><img decoding=\"async\" class=\"brz-img\" src=\"https:\/\/www.yappanippon.com\/wp-content\/uploads\/brizy\/imgs\/d03-Color-2-1-555x451x0x0x555x451x1608565661.jpg\" alt=\"\" loading=\"lazy\"><\/div>\n<\/div>\n<\/div>\n<\/div>\n<\/div>\n<\/div>\n<\/div>\n<\/div>\n<\/section>\n<\/div>\n<p>    <!-- version:1737321590 --><\/p>","protected":false},"excerpt":{"rendered":"<p>NEW DECO IDEAS Decorate For Less With Art Posters &amp; Tasty Accesories Differentiate and you stand out in a very crowded marketplace. Present your uniquen emphasize Sign Up<\/p>","protected":false},"author":1,"featured_media":0,"parent":0,"menu_order":0,"comment_status":"closed","ping_status":"closed","template":"brizy-blank-template.php","meta":{"footnotes":""},"class_list":["post-4734","page","type-page","status-publish","hentry"],"yoast_head":"<!-- This site is optimized with the Yoast SEO plugin v27.5 - https:\/\/yoast.com\/product\/yoast-seo-wordpress\/ -->\n<title>TranslateTest - Yappa Nippon<\/title>\n<meta name=\"robots\" content=\"index, follow, max-snippet:-1, max-image-preview:large, max-video-preview:-1\" \/>\n<link rel=\"canonical\" href=\"https:\/\/www.yappanippon.com\/fr\/translatetest\/\" \/>\n<meta property=\"og:locale\" content=\"fr_FR\" \/>\n<meta property=\"og:type\" content=\"article\" \/>\n<meta property=\"og:title\" content=\"TranslateTest - Yappa Nippon\" \/>\n<meta property=\"og:description\" content=\"NEW DECO IDEAS Decorate For Less With Art Posters &amp; Tasty Accesories Differentiate and you stand out in a very crowded marketplace. Present your uniquen emphasize Sign Up\" \/>\n<meta property=\"og:url\" content=\"https:\/\/www.yappanippon.com\/fr\/translatetest\/\" \/>\n<meta property=\"og:site_name\" content=\"Yappa Nippon\" \/>\n<meta property=\"article:modified_time\" content=\"2026-04-13T15:34:22+00:00\" \/>\n<meta property=\"og:image\" content=\"https:\/\/www.yappanippon.com\/wp-content\/uploads\/brizy\/imgs\/d03-Color-2-1-555x451x0x0x555x451x1608565661.jpg\" \/>\n<meta name=\"twitter:card\" content=\"summary_large_image\" \/>\n<script type=\"application\/ld+json\" class=\"yoast-schema-graph\">{\"@context\":\"https:\\\/\\\/schema.org\",\"@graph\":[{\"@type\":\"WebPage\",\"@id\":\"https:\\\/\\\/www.yappanippon.com\\\/fr\\\/translatetest\\\/\",\"url\":\"https:\\\/\\\/www.yappanippon.com\\\/fr\\\/translatetest\\\/\",\"name\":\"TranslateTest - Yappa Nippon\",\"isPartOf\":{\"@id\":\"https:\\\/\\\/www.yappanippon.com\\\/#website\"},\"primaryImageOfPage\":{\"@id\":\"https:\\\/\\\/www.yappanippon.com\\\/fr\\\/translatetest\\\/#primaryimage\"},\"image\":{\"@id\":\"https:\\\/\\\/www.yappanippon.com\\\/fr\\\/translatetest\\\/#primaryimage\"},\"thumbnailUrl\":\"https:\\\/\\\/www.yappanippon.com\\\/wp-content\\\/uploads\\\/brizy\\\/imgs\\\/d03-Color-2-1-555x451x0x0x555x451x1608565661.jpg\",\"datePublished\":\"2020-12-21T15:46:16+00:00\",\"dateModified\":\"2026-04-13T15:34:22+00:00\",\"breadcrumb\":{\"@id\":\"https:\\\/\\\/www.yappanippon.com\\\/fr\\\/translatetest\\\/#breadcrumb\"},\"inLanguage\":\"fr-FR\",\"potentialAction\":[{\"@type\":\"ReadAction\",\"target\":[\"https:\\\/\\\/www.yappanippon.com\\\/fr\\\/translatetest\\\/\"]}]},{\"@type\":\"ImageObject\",\"inLanguage\":\"fr-FR\",\"@id\":\"https:\\\/\\\/www.yappanippon.com\\\/fr\\\/translatetest\\\/#primaryimage\",\"url\":\"https:\\\/\\\/www.yappanippon.com\\\/wp-content\\\/uploads\\\/brizy\\\/imgs\\\/d03-Color-2-1-555x451x0x0x555x451x1608565661.jpg\",\"contentUrl\":\"https:\\\/\\\/www.yappanippon.com\\\/wp-content\\\/uploads\\\/brizy\\\/imgs\\\/d03-Color-2-1-555x451x0x0x555x451x1608565661.jpg\"},{\"@type\":\"BreadcrumbList\",\"@id\":\"https:\\\/\\\/www.yappanippon.com\\\/fr\\\/translatetest\\\/#breadcrumb\",\"itemListElement\":[{\"@type\":\"ListItem\",\"position\":1,\"name\":\"Home\",\"item\":\"https:\\\/\\\/www.yappanippon.com\\\/\"},{\"@type\":\"ListItem\",\"position\":2,\"name\":\"TranslateTest\"}]},{\"@type\":\"WebSite\",\"@id\":\"https:\\\/\\\/www.yappanippon.com\\\/#website\",\"url\":\"https:\\\/\\\/www.yappanippon.com\\\/\",\"name\":\"Yappa Nippon - Nothing better than Japan\",\"description\":\"Studying in Japan made Easier\",\"publisher\":{\"@id\":\"https:\\\/\\\/www.yappanippon.com\\\/#organization\"},\"potentialAction\":[{\"@type\":\"SearchAction\",\"target\":{\"@type\":\"EntryPoint\",\"urlTemplate\":\"https:\\\/\\\/www.yappanippon.com\\\/?s={search_term_string}\"},\"query-input\":{\"@type\":\"PropertyValueSpecification\",\"valueRequired\":true,\"valueName\":\"search_term_string\"}}],\"inLanguage\":\"fr-FR\"},{\"@type\":\"Organization\",\"@id\":\"https:\\\/\\\/www.yappanippon.com\\\/#organization\",\"name\":\"Yapp Nippon\",\"url\":\"https:\\\/\\\/www.yappanippon.com\\\/\",\"logo\":{\"@type\":\"ImageObject\",\"inLanguage\":\"fr-FR\",\"@id\":\"https:\\\/\\\/www.yappanippon.com\\\/#\\\/schema\\\/logo\\\/image\\\/\",\"url\":\"https:\\\/\\\/www.yappanippon.com\\\/wp-content\\\/uploads\\\/2019\\\/06\\\/Logo_YappaNippon_2Line-e1560997549435.png\",\"contentUrl\":\"https:\\\/\\\/www.yappanippon.com\\\/wp-content\\\/uploads\\\/2019\\\/06\\\/Logo_YappaNippon_2Line-e1560997549435.png\",\"width\":300,\"height\":113,\"caption\":\"Yapp Nippon\"},\"image\":{\"@id\":\"https:\\\/\\\/www.yappanippon.com\\\/#\\\/schema\\\/logo\\\/image\\\/\"},\"sameAs\":[\"https:\\\/\\\/www.instagram.com\\\/yappanippon\\\/\"]}]}<\/script>\n<!-- \/ Yoast SEO plugin. -->","yoast_head_json":{"title":"TranslateTest - Yappa Nippon","robots":{"index":"index","follow":"follow","max-snippet":"max-snippet:-1","max-image-preview":"max-image-preview:large","max-video-preview":"max-video-preview:-1"},"canonical":"https:\/\/www.yappanippon.com\/fr\/translatetest\/","og_locale":"fr_FR","og_type":"article","og_title":"TranslateTest - Yappa Nippon","og_description":"NEW DECO IDEAS Decorate For Less With Art Posters &amp; Tasty Accesories Differentiate and you stand out in a very crowded marketplace. Present your uniquen emphasize Sign Up","og_url":"https:\/\/www.yappanippon.com\/fr\/translatetest\/","og_site_name":"Yappa Nippon","article_modified_time":"2026-04-13T15:34:22+00:00","og_image":[{"url":"https:\/\/www.yappanippon.com\/wp-content\/uploads\/brizy\/imgs\/d03-Color-2-1-555x451x0x0x555x451x1608565661.jpg","type":"","width":"","height":""}],"twitter_card":"summary_large_image","schema":{"@context":"https:\/\/schema.org","@graph":[{"@type":"WebPage","@id":"https:\/\/www.yappanippon.com\/fr\/translatetest\/","url":"https:\/\/www.yappanippon.com\/fr\/translatetest\/","name":"TranslateTest - Yappa Nippon","isPartOf":{"@id":"https:\/\/www.yappanippon.com\/#website"},"primaryImageOfPage":{"@id":"https:\/\/www.yappanippon.com\/fr\/translatetest\/#primaryimage"},"image":{"@id":"https:\/\/www.yappanippon.com\/fr\/translatetest\/#primaryimage"},"thumbnailUrl":"https:\/\/www.yappanippon.com\/wp-content\/uploads\/brizy\/imgs\/d03-Color-2-1-555x451x0x0x555x451x1608565661.jpg","datePublished":"2020-12-21T15:46:16+00:00","dateModified":"2026-04-13T15:34:22+00:00","breadcrumb":{"@id":"https:\/\/www.yappanippon.com\/fr\/translatetest\/#breadcrumb"},"inLanguage":"fr-FR","potentialAction":[{"@type":"ReadAction","target":["https:\/\/www.yappanippon.com\/fr\/translatetest\/"]}]},{"@type":"ImageObject","inLanguage":"fr-FR","@id":"https:\/\/www.yappanippon.com\/fr\/translatetest\/#primaryimage","url":"https:\/\/www.yappanippon.com\/wp-content\/uploads\/brizy\/imgs\/d03-Color-2-1-555x451x0x0x555x451x1608565661.jpg","contentUrl":"https:\/\/www.yappanippon.com\/wp-content\/uploads\/brizy\/imgs\/d03-Color-2-1-555x451x0x0x555x451x1608565661.jpg"},{"@type":"BreadcrumbList","@id":"https:\/\/www.yappanippon.com\/fr\/translatetest\/#breadcrumb","itemListElement":[{"@type":"ListItem","position":1,"name":"Home","item":"https:\/\/www.yappanippon.com\/"},{"@type":"ListItem","position":2,"name":"TranslateTest"}]},{"@type":"WebSite","@id":"https:\/\/www.yappanippon.com\/#website","url":"https:\/\/www.yappanippon.com\/","name":"Yappa Nippon - Nothing better than Japan","description":"Studying in Japan made Easier","publisher":{"@id":"https:\/\/www.yappanippon.com\/#organization"},"potentialAction":[{"@type":"SearchAction","target":{"@type":"EntryPoint","urlTemplate":"https:\/\/www.yappanippon.com\/?s={search_term_string}"},"query-input":{"@type":"PropertyValueSpecification","valueRequired":true,"valueName":"search_term_string"}}],"inLanguage":"fr-FR"},{"@type":"Organization","@id":"https:\/\/www.yappanippon.com\/#organization","name":"Yapp Nippon","url":"https:\/\/www.yappanippon.com\/","logo":{"@type":"ImageObject","inLanguage":"fr-FR","@id":"https:\/\/www.yappanippon.com\/#\/schema\/logo\/image\/","url":"https:\/\/www.yappanippon.com\/wp-content\/uploads\/2019\/06\/Logo_YappaNippon_2Line-e1560997549435.png","contentUrl":"https:\/\/www.yappanippon.com\/wp-content\/uploads\/2019\/06\/Logo_YappaNippon_2Line-e1560997549435.png","width":300,"height":113,"caption":"Yapp Nippon"},"image":{"@id":"https:\/\/www.yappanippon.com\/#\/schema\/logo\/image\/"},"sameAs":["https:\/\/www.instagram.com\/yappanippon\/"]}]}},"brizy_media":[],"_links":{"self":[{"href":"https:\/\/www.yappanippon.com\/fr\/wp-json\/wp\/v2\/pages\/4734","targetHints":{"allow":["GET"]}}],"collection":[{"href":"https:\/\/www.yappanippon.com\/fr\/wp-json\/wp\/v2\/pages"}],"about":[{"href":"https:\/\/www.yappanippon.com\/fr\/wp-json\/wp\/v2\/types\/page"}],"author":[{"embeddable":true,"href":"https:\/\/www.yappanippon.com\/fr\/wp-json\/wp\/v2\/users\/1"}],"replies":[{"embeddable":true,"href":"https:\/\/www.yappanippon.com\/fr\/wp-json\/wp\/v2\/comments?post=4734"}],"version-history":[{"count":3,"href":"https:\/\/www.yappanippon.com\/fr\/wp-json\/wp\/v2\/pages\/4734\/revisions"}],"predecessor-version":[{"id":4739,"href":"https:\/\/www.yappanippon.com\/fr\/wp-json\/wp\/v2\/pages\/4734\/revisions\/4739"}],"wp:attachment":[{"href":"https:\/\/www.yappanippon.com\/fr\/wp-json\/wp\/v2\/media?parent=4734"}],"curies":[{"name":"wp","href":"https:\/\/api.w.org\/{rel}","templated":true}]}}